{"id":977,"date":"2024-08-29T16:04:37","date_gmt":"2024-08-29T14:04:37","guid":{"rendered":"https:\/\/marpanel.pl\/?post_type=product&#038;p=977"},"modified":"2025-04-17T15:14:41","modified_gmt":"2025-04-17T13:14:41","slug":"plyta-warstwowa-gs-inspire-d","status":"publish","type":"product","link":"https:\/\/marpanel.pl\/sk\/plyta\/plyta-warstwowa-gs-inspire-d\/","title":{"rendered":"Sendvi\u010dov\u00fd panel GS insPIRe\u00ae D"},"content":{"rendered":"<p>Sendvi\u010dov\u00e9 dosky GS insPIRe\u00ae D s\u00fa ur\u010den\u00e9 na stre\u0161n\u00e9 aplik\u00e1cie a v\u010faka hlbok\u00e9mu trap\u00e9zov\u00e9mu profilovaniu vonkaj\u0161ieho pl\u00e1\u0161\u0165a pon\u00fakaj\u00fa v\u00fdnimo\u010dn\u00fa trvanlivos\u0165 a odolnos\u0165 vo\u010di dlhodob\u00e9mu prev\u00e1dzkov\u00e9mu za\u0165a\u017eeniu. Panely je mo\u017en\u00e9 skrutkova\u0165 na dreven\u00fa, oce\u013eov\u00fa alebo \u017eelezobet\u00f3nov\u00fa kon\u0161trukciu, \u010d\u00edm sa zabezpe\u010d\u00ed ich stabilita a robustnos\u0165. Minim\u00e1lny sklon strechy je 3\u00b0 (5,2%) pre strechy bez stre\u0161n\u00fdch okien a 5\u00b0 (8,7%) pre strechy s panelmi spojen\u00fdmi po d\u013a\u017eke, \u010do umo\u017e\u0148uje v\u0161estrann\u00e9 pou\u017eitie. Panely maj\u00fa modul\u00e1rnu \u0161\u00edrku 1 000 mm a \u0161tandardn\u00e9 d\u013a\u017eky od 2,0 m do 12,0 m, pri\u010dom na \u0161peci\u00e1lnu objedn\u00e1vku je mo\u017en\u00e9 prisp\u00f4sobi\u0165 d\u013a\u017eky a\u017e do 16,5 m. Obklady panelov s\u00fa vyroben\u00e9 z obojstranne pozinkovan\u00e9ho oce\u013eov\u00e9ho plechu v s\u00falade s normou EN 10346, potiahnut\u00e9ho 25 \u03bcm organick\u00fdm polyesterov\u00fdm lakom na zabezpe\u010denie odolnosti proti kor\u00f3zii a estetick\u00e9ho vzh\u013eadu. Tesnos\u0165 spojov medzi panelmi zabezpe\u010duje polyuret\u00e1nov\u00e9 tesnenie PUS aplikovan\u00e9 vo f\u00e1ze v\u00fdroby, ktor\u00e9 zaru\u010duje vysok\u00fa kvalitu a trvanlivos\u0165 krytiny.<\/p>\n<p>1. profilovanie plechov\u00e9ho obkladu rob\u00ed steny estetick\u00fdmi<br \/>\nVe\u013ek\u00fd polomer obkladov\u00e9ho profilu na zabezpe\u010denie neporu\u0161enosti plechov\u00fdch n\u00e1terov<br \/>\n3. s\u00favisl\u00e9 polyuret\u00e1nov\u00e9 tesnenie aplikovan\u00e9 po\u010das v\u00fdrobn\u00e9ho procesu<br \/>\n4. Kapil\u00e1rna ochrann\u00e1 komora<br \/>\n5. jadro z tuhej PIR peny s ve\u013emi dobr\u00fdmi tepelnoizola\u010dn\u00fdmi a protipo\u017eiarnymi vlastnos\u0165ami<br \/>\nProfilovan\u00e9 hrany na jednoduch\u0161iu in\u0161tal\u00e1ciu a lep\u0161iu tepeln\u00fa izol\u00e1ciu<br \/>\n7 Priebe\u017en\u00e9 polyuret\u00e1nov\u00e9 tesnenie, ktor\u00e9 udr\u017eiava vysok\u00fa tepeln\u00fa izol\u00e1ciu. Aplikuje sa po\u010das v\u00fdrobn\u00e9ho procesu<br \/>\n8. hlin\u00edkov\u00e1 f\u00f3lia na zabr\u00e1nenie prenikaniu p\u00e1r do jadra z polyizokyanur\u00e1tovej peny<\/p>","protected":false},"excerpt":{"rendered":"<p>Stre\u0161n\u00e9 dosky GS insPIRe\u00ae D sa pou\u017e\u00edvaj\u00fa na pokr\u00fdvanie striech a vyzna\u010duj\u00fa sa hlbok\u00fdm trap\u00e9zov\u00fdm profilom, ktor\u00fd poskytuje vysok\u00fa odolnos\u0165 proti za\u0165a\u017eeniu. Minim\u00e1lny sklon je 3\u00b0 (5,2%) bez stre\u0161n\u00fdch okien a 5\u00b0 (8,7%) pre stre\u0161n\u00e9 krytiny s doskami spojen\u00fdmi na d\u013a\u017eku. S\u00fa vyroben\u00e9 z pozinkovan\u00e9ho oce\u013eov\u00e9ho plechu s 25 \u03bcm polyesterov\u00fdm lakom a maj\u00fa modulov\u00fa \u0161\u00edrku 1000 mm a \u0161tandardn\u00e9 d\u013a\u017eky od 2,0 m do 12,0 m. Dosky s d\u013a\u017ekou a\u017e do 16,5 m je mo\u017en\u00e9 objedna\u0165. Dosky sa upev\u0148uj\u00fa pomocou skrutiek a tesnos\u0165 zabezpe\u010duje polyuret\u00e1nov\u00e9 tesnenie PUS.<\/p>","protected":false},"featured_media":978,"comment_status":"open","ping_status":"closed","template":"","meta":{"_acf_changed":false},"product_brand":[],"product_cat":[27,33],"product_tag":[],"class_list":{"0":"post-977","1":"product","2":"type-product","3":"status-publish","4":"has-post-thumbnail","6":"product_cat-plyty-warstwowe","7":"product_cat-plyty-warstwowe-dachowe","9":"first","10":"instock","11":"shipping-taxable","12":"product-type-simple"},"acf":[],"_links":{"self":[{"href":"https:\/\/marpanel.pl\/sk\/wp-json\/wp\/v2\/product\/977","targetHints":{"allow":["GET"]}}],"collection":[{"href":"https:\/\/marpanel.pl\/sk\/wp-json\/wp\/v2\/product"}],"about":[{"href":"https:\/\/marpanel.pl\/sk\/wp-json\/wp\/v2\/types\/product"}],"replies":[{"embeddable":true,"href":"https:\/\/marpanel.pl\/sk\/wp-json\/wp\/v2\/comments?post=977"}],"wp:featuredmedia":[{"embeddable":true,"href":"https:\/\/marpanel.pl\/sk\/wp-json\/wp\/v2\/media\/978"}],"wp:attachment":[{"href":"https:\/\/marpanel.pl\/sk\/wp-json\/wp\/v2\/media?parent=977"}],"wp:term":[{"taxonomy":"product_brand","embeddable":true,"href":"https:\/\/marpanel.pl\/sk\/wp-json\/wp\/v2\/product_brand?post=977"},{"taxonomy":"product_cat","embeddable":true,"href":"https:\/\/marpanel.pl\/sk\/wp-json\/wp\/v2\/product_cat?post=977"},{"taxonomy":"product_tag","embeddable":true,"href":"https:\/\/marpanel.pl\/sk\/wp-json\/wp\/v2\/product_tag?post=977"}],"curies":[{"name":"wp","href":"https:\/\/api.w.org\/{rel}","templated":true}]}}