{"id":981,"date":"2024-08-29T16:07:46","date_gmt":"2024-08-29T14:07:46","guid":{"rendered":"https:\/\/marpanel.pl\/?post_type=product&#038;p=981"},"modified":"2024-10-28T21:41:01","modified_gmt":"2024-10-28T20:41:01","slug":"plyta-warstwowa-gs-inspire-s-max","status":"publish","type":"product","link":"https:\/\/marpanel.pl\/sk\/plyta\/plyta-warstwowa-gs-inspire-s-max\/","title":{"rendered":"Sendvi\u010dov\u00fd panel GS insPIRe\u00ae S MAX"},"content":{"rendered":"<p>Sendvi\u010dov\u00e9 panely GS insPIRe\u00ae S MAX s\u00fa ide\u00e1lnym rie\u0161en\u00edm na v\u00fdstavbu vonkaj\u0161\u00edch obvodov\u00fdch stien a vn\u00fatorn\u00fdch deliacich stien v r\u00e1mov\u00fdch kon\u0161trukci\u00e1ch. Vyzna\u010duj\u00fa sa univerz\u00e1lnos\u0165ou mont\u00e1\u017ee, ktor\u00e1 umo\u017e\u0148uje ich vertik\u00e1lnu aj horizont\u00e1lnu in\u0161tal\u00e1ciu a mont\u00e1\u017e ako jedno- a viacprievlakov\u00fdch prvkov. Ich opl\u00e1\u0161tenie je vyroben\u00e9 z obojstranne pozinkovan\u00e9ho oce\u013eov\u00e9ho plechu v s\u00falade s normou EN 10346 a potiahnut\u00e9 organick\u00fdm polyesterov\u00fdm lakom s hr\u00fabkou vrstvy 25 \u03bcm, ktor\u00fd zabezpe\u010duje vysok\u00fa odolnos\u0165 proti kor\u00f3zii a estetick\u00fd vzh\u013ead. Panely s\u00fa k dispoz\u00edcii v r\u00f4znych hr\u00fabkach, so z\u00e1mkom na pero a dr\u00e1\u017eku v hr\u00fabkach 100 a 120 mm a s ploch\u00fdm z\u00e1mkom v hr\u00fabkach 40, 60 a 80 mm. Tesnos\u0165 spojov medzi panelmi zabezpe\u010duje polyuret\u00e1nov\u00e9 tesnenie PUS aplikovan\u00e9 vo f\u00e1ze v\u00fdroby, ktor\u00e9 zaru\u010duje \u00fa\u010dinn\u00fa bari\u00e9ru proti vnikaniu vody a vzduchu.<\/p>\n<p>1. profilovanie plechov\u00e9ho obkladu rob\u00ed steny estetick\u00fdmi<br \/>\nVe\u013ek\u00fd polomer profilu z\u00e1mku na zabezpe\u010denie neporu\u0161enosti n\u00e1terov plechu<br \/>\n3. spojovacie dosky s dvojit\u00fdm z\u00e1mkom zaru\u010duj\u00face vysok\u00fa po\u017eiarnu odolnos\u0165<br \/>\n4. profilovan\u00e9 hrany pre jednoduch\u0161iu in\u0161tal\u00e1ciu a lep\u0161iu tepeln\u00fa izol\u00e1ciu<br \/>\n5. jadro z tuhej PIR peny s ve\u013emi dobr\u00fdmi tepelnoizola\u010dn\u00fdmi a protipo\u017eiarnymi vlastnos\u0165ami<br \/>\n6 Priebe\u017en\u00e9 polyuret\u00e1nov\u00e9 tesnenie, ktor\u00e9 udr\u017eiava vysok\u00fa tepeln\u00fa izol\u00e1ciu. Aplikuje sa po\u010das v\u00fdrobn\u00e9ho procesu<br \/>\n7. hlin\u00edkov\u00e1 f\u00f3lia na zabr\u00e1nenie prenikaniu p\u00e1r do jadra z polyuret\u00e1novej peny<\/p>","protected":false},"excerpt":{"rendered":"<p>Stenov\u00e9 panely GS insPIRe\u00ae S MAX s\u00fa ur\u010den\u00e9 na v\u00fdstavbu vonkaj\u0161\u00edch obvodov\u00fdch stien a vn\u00fatorn\u00fdch deliacich stien v r\u00e1mov\u00fdch kon\u0161trukci\u00e1ch. Mo\u017eno ich montova\u0165 vertik\u00e1lne aj horizont\u00e1lne, ako jedno- a viacprie\u010dkov\u00e9 stenov\u00e9 prvky. Panely maj\u00fa obklady z pozinkovan\u00e9ho oce\u013eov\u00e9ho plechu s organick\u00fdm polyesterov\u00fdm lakom. Tesnos\u0165 zabezpe\u010duje polyuret\u00e1nov\u00e9 tesnenie PUS.<\/p>","protected":false},"featured_media":982,"comment_status":"open","ping_status":"closed","template":"","meta":{"_acf_changed":false},"product_brand":[],"product_cat":[27,30],"product_tag":[],"class_list":{"0":"post-981","1":"product","2":"type-product","3":"status-publish","4":"has-post-thumbnail","6":"product_cat-plyty-warstwowe","7":"product_cat-plyty-warstwowe-scienne","9":"first","10":"instock","11":"shipping-taxable","12":"product-type-simple"},"acf":[],"_links":{"self":[{"href":"https:\/\/marpanel.pl\/sk\/wp-json\/wp\/v2\/product\/981","targetHints":{"allow":["GET"]}}],"collection":[{"href":"https:\/\/marpanel.pl\/sk\/wp-json\/wp\/v2\/product"}],"about":[{"href":"https:\/\/marpanel.pl\/sk\/wp-json\/wp\/v2\/types\/product"}],"replies":[{"embeddable":true,"href":"https:\/\/marpanel.pl\/sk\/wp-json\/wp\/v2\/comments?post=981"}],"wp:featuredmedia":[{"embeddable":true,"href":"https:\/\/marpanel.pl\/sk\/wp-json\/wp\/v2\/media\/982"}],"wp:attachment":[{"href":"https:\/\/marpanel.pl\/sk\/wp-json\/wp\/v2\/media?parent=981"}],"wp:term":[{"taxonomy":"product_brand","embeddable":true,"href":"https:\/\/marpanel.pl\/sk\/wp-json\/wp\/v2\/product_brand?post=981"},{"taxonomy":"product_cat","embeddable":true,"href":"https:\/\/marpanel.pl\/sk\/wp-json\/wp\/v2\/product_cat?post=981"},{"taxonomy":"product_tag","embeddable":true,"href":"https:\/\/marpanel.pl\/sk\/wp-json\/wp\/v2\/product_tag?post=981"}],"curies":[{"name":"wp","href":"https:\/\/api.w.org\/{rel}","templated":true}]}}