{"id":987,"date":"2024-08-29T16:10:38","date_gmt":"2024-08-29T14:10:38","guid":{"rendered":"https:\/\/marpanel.pl\/?post_type=product&#038;p=987"},"modified":"2025-05-31T08:02:08","modified_gmt":"2025-05-31T06:02:08","slug":"plyta-warstwowa-gs-inspire-u-max","status":"publish","type":"product","link":"https:\/\/marpanel.pl\/sk\/plyta\/plyta-warstwowa-gs-inspire-u-max\/","title":{"rendered":"Sendvi\u010dov\u00fd panel GS insPIRe\u00ae U MAX"},"content":{"rendered":"<p>Sendvi\u010dov\u00e9 panely GS insPIRe\u00ae U MAX boli navrhnut\u00e9 na pou\u017eitie pri v\u00fdstavbe vonkaj\u0161\u00edch obvodov\u00fdch stien a vn\u00fatorn\u00fdch deliacich stien v r\u00e1mov\u00fdch kon\u0161trukci\u00e1ch. V\u010faka mo\u017enosti vertik\u00e1lnej aj horizont\u00e1lnej mont\u00e1\u017ee a mont\u00e1\u017ee ako jedno- a viacrozponov\u00e9 stenov\u00e9 prvky s\u00fa mimoriadne univerz\u00e1lne. Vyzna\u010duj\u00fa sa skryt\u00fdm upevnen\u00edm, ktor\u00e9 nie je vidite\u013en\u00e9 z fas\u00e1dy, v\u010faka \u010domu s\u00fa architektonicky ve\u013emi atrakt\u00edvne. Obklady panelov s\u00fa vyroben\u00e9 z obojstranne pozinkovan\u00e9ho oce\u013eov\u00e9ho plechu v s\u00falade s normou EN 10346 s povrchovou \u00fapravou organick\u00fdm polyesterov\u00fdm lakom s hr\u00fabkou 25 \u03bcm, ktor\u00fd zabezpe\u010duje vysok\u00fa odolnos\u0165 a estetiku. Okrem toho tesnos\u0165 spojov medzi panelmi zabezpe\u010duje polyuret\u00e1nov\u00e9 tesnenie PUS aplikovan\u00e9 vo f\u00e1ze v\u00fdroby, ktor\u00e9 zaru\u010duje \u00fa\u010dinn\u00fa bari\u00e9ru proti prenikaniu vody a vzduchu.<\/p>\n<p>1. profilovanie plechov\u00e9ho obkladu rob\u00ed steny estetick\u00fdmi<br \/>\n2. skryt\u00fd spojovac\u00ed prvok na dosiahnutie jednotnej\u0161ieho vzh\u013eadu fas\u00e1d<br \/>\nVe\u013ek\u00fd polomer profilu z\u00e1mku na zabezpe\u010denie neporu\u0161enosti n\u00e1terov plechu<br \/>\nDvojit\u00e9 prepojenie panelov na zaru\u010denie vysokej po\u017eiarnej odolnosti<br \/>\n5. pomocn\u00e1 dr\u00e1\u017eka na u\u013eah\u010denie umiestnenia spojovacieho prvku<br \/>\nProfilovan\u00e9 hrany na jednoduch\u0161iu in\u0161tal\u00e1ciu a lep\u0161iu tepeln\u00fa izol\u00e1ciu<br \/>\n7 Priebe\u017en\u00e9 polyuret\u00e1nov\u00e9 tesnenie, ktor\u00e9 udr\u017eiava vysok\u00fa tepeln\u00fa izol\u00e1ciu. Aplikuje sa po\u010das v\u00fdrobn\u00e9ho procesu<br \/>\n8. hlin\u00edkov\u00e1 f\u00f3lia na zabr\u00e1nenie prenikaniu p\u00e1r do jadra z polyuret\u00e1novej peny<br \/>\n9. jadro z tuhej PIR peny s ve\u013emi dobr\u00fdmi tepelnoizola\u010dn\u00fdmi a protipo\u017eiarnymi vlastnos\u0165ami<\/p>","protected":false},"excerpt":{"rendered":"<p>Stenov\u00e9 panely GS insPIRe\u00ae U MAX s\u00fa ide\u00e1lne na v\u00fdstavbu vonkaj\u0161\u00edch obvodov\u00fdch stien a vn\u00fatorn\u00fdch deliacich stien v r\u00e1mov\u00fdch kon\u0161trukci\u00e1ch. Vyzna\u010duj\u00fa sa skryt\u00fdm upevnen\u00edm, ktor\u00e9 je z fas\u00e1dy nevidite\u013en\u00e9, \u010do zvy\u0161uje ich estetick\u00e9 a funk\u010dn\u00e9 vlastnosti. Panely maj\u00fa obklady z oce\u013eov\u00e9ho plechu obojstranne pozinkovan\u00e9 organick\u00fdm polyesterov\u00fdm lakom a ich tesnos\u0165 zabezpe\u010duje polyuret\u00e1nov\u00e9 tesnenie PUS.<\/p>","protected":false},"featured_media":990,"comment_status":"open","ping_status":"closed","template":"","meta":{"_acf_changed":false},"product_brand":[],"product_cat":[27,30],"product_tag":[],"class_list":{"0":"post-987","1":"product","2":"type-product","3":"status-publish","4":"has-post-thumbnail","6":"product_cat-plyty-warstwowe","7":"product_cat-plyty-warstwowe-scienne","9":"first","10":"instock","11":"shipping-taxable","12":"product-type-simple"},"acf":[],"_links":{"self":[{"href":"https:\/\/marpanel.pl\/sk\/wp-json\/wp\/v2\/product\/987","targetHints":{"allow":["GET"]}}],"collection":[{"href":"https:\/\/marpanel.pl\/sk\/wp-json\/wp\/v2\/product"}],"about":[{"href":"https:\/\/marpanel.pl\/sk\/wp-json\/wp\/v2\/types\/product"}],"replies":[{"embeddable":true,"href":"https:\/\/marpanel.pl\/sk\/wp-json\/wp\/v2\/comments?post=987"}],"wp:featuredmedia":[{"embeddable":true,"href":"https:\/\/marpanel.pl\/sk\/wp-json\/wp\/v2\/media\/990"}],"wp:attachment":[{"href":"https:\/\/marpanel.pl\/sk\/wp-json\/wp\/v2\/media?parent=987"}],"wp:term":[{"taxonomy":"product_brand","embeddable":true,"href":"https:\/\/marpanel.pl\/sk\/wp-json\/wp\/v2\/product_brand?post=987"},{"taxonomy":"product_cat","embeddable":true,"href":"https:\/\/marpanel.pl\/sk\/wp-json\/wp\/v2\/product_cat?post=987"},{"taxonomy":"product_tag","embeddable":true,"href":"https:\/\/marpanel.pl\/sk\/wp-json\/wp\/v2\/product_tag?post=987"}],"curies":[{"name":"wp","href":"https:\/\/api.w.org\/{rel}","templated":true}]}}