{"id":988,"date":"2024-08-29T16:12:52","date_gmt":"2024-08-29T14:12:52","guid":{"rendered":"https:\/\/marpanel.pl\/?post_type=product&#038;p=988"},"modified":"2024-10-28T21:33:27","modified_gmt":"2024-10-28T20:33:27","slug":"plyta-warstwowa-gs-inspire-ch-max","status":"publish","type":"product","link":"https:\/\/marpanel.pl\/sk\/plyta\/plyta-warstwowa-gs-inspire-ch-max\/","title":{"rendered":"Sendvi\u010dov\u00fd panel GS insPIRe\u00ae CH MAX"},"content":{"rendered":"<p>Sendvi\u010dov\u00e9 panely GS insPIRe\u00ae CH MAX s\u00fa ide\u00e1lne na kon\u0161trukciu stien a stropov v priestoroch s regulovanou teplotou, ako s\u00fa chladiarne (t &gt; 0 \u00b0C) a mraziarne (t &lt; 0 \u00b0C), ako aj v in\u00fdch priestoroch s regulovanou teplotou a vlhkos\u0165ou. V\u010faka svojim izola\u010dn\u00fdm vlastnostiam s\u00fa ide\u00e1lne na vytv\u00e1ranie chladiarensk\u00fdch a mraziarensk\u00fdch priestorov ako samostatn\u00fdch kon\u0161trukci\u00ed aj ako s\u00fa\u010das\u0165 existuj\u00facich budov. Panely sa daj\u00fa in\u0161talova\u0165 v r\u00f4znych konfigur\u00e1ci\u00e1ch: vertik\u00e1lne a horizont\u00e1lne a ako jedno- a viacpriestorov\u00e9 prvky, \u010do poskytuje flexibilitu a prisp\u00f4sobenie r\u00f4znym kon\u0161truk\u010dn\u00fdm po\u017eiadavk\u00e1m.<\/p>\n<p>1 V\u010faka profilovaniu plechov\u00e9ho obkladu p\u00f4sobia steny esteticky.<br \/>\n2. tesniaca zmes aplikovan\u00e1 na mieste.<br \/>\nVe\u013ek\u00fd polomer profilu z\u00e1mku na zabezpe\u010denie neporu\u0161enosti povlakov plechu.<br \/>\n4. profilovan\u00e9 hrany na jednoduch\u0161iu in\u0161tal\u00e1ciu a zv\u00fd\u0161en\u00fa tepeln\u00fa izol\u00e1ciu.<br \/>\n5. dvojit\u00e9 uzamykanie panelov na zaru\u010denie vysok\u00fdch protipo\u017eiarnych vlastnost\u00ed.<br \/>\n6. labyrintov\u00fd kontakt jadra na elimin\u00e1ciu tepeln\u00e9ho mosta.<br \/>\n7. Jadro z tuhej PIR peny s ve\u013emi dobr\u00fdmi tepelnoizola\u010dn\u00fdmi a protipo\u017eiarnymi vlastnos\u0165ami.<\/p>","protected":false},"excerpt":{"rendered":"<p>Stenov\u00e9 panely GS insPIRe\u00ae CH MAX s\u00fa ur\u010den\u00e9 na kon\u0161trukciu stien a stropov v priestoroch s obmedzenou teplotou, ako s\u00fa chladiarne a mraziace boxy, ako aj v priestoroch s regulovanou teplotou a vlhkos\u0165ou. Pon\u00fakaj\u00fa mo\u017enos\u0165 vertik\u00e1lnej aj horizont\u00e1lnej in\u0161tal\u00e1cie ako jedno- a viacrozponov\u00e9 prvky.<\/p>","protected":false},"featured_media":989,"comment_status":"open","ping_status":"closed","template":"","meta":{"_acf_changed":false},"product_brand":[],"product_cat":[27,30],"product_tag":[],"class_list":{"0":"post-988","1":"product","2":"type-product","3":"status-publish","4":"has-post-thumbnail","6":"product_cat-plyty-warstwowe","7":"product_cat-plyty-warstwowe-scienne","9":"first","10":"instock","11":"shipping-taxable","12":"product-type-simple"},"acf":[],"_links":{"self":[{"href":"https:\/\/marpanel.pl\/sk\/wp-json\/wp\/v2\/product\/988","targetHints":{"allow":["GET"]}}],"collection":[{"href":"https:\/\/marpanel.pl\/sk\/wp-json\/wp\/v2\/product"}],"about":[{"href":"https:\/\/marpanel.pl\/sk\/wp-json\/wp\/v2\/types\/product"}],"replies":[{"embeddable":true,"href":"https:\/\/marpanel.pl\/sk\/wp-json\/wp\/v2\/comments?post=988"}],"wp:featuredmedia":[{"embeddable":true,"href":"https:\/\/marpanel.pl\/sk\/wp-json\/wp\/v2\/media\/989"}],"wp:attachment":[{"href":"https:\/\/marpanel.pl\/sk\/wp-json\/wp\/v2\/media?parent=988"}],"wp:term":[{"taxonomy":"product_brand","embeddable":true,"href":"https:\/\/marpanel.pl\/sk\/wp-json\/wp\/v2\/product_brand?post=988"},{"taxonomy":"product_cat","embeddable":true,"href":"https:\/\/marpanel.pl\/sk\/wp-json\/wp\/v2\/product_cat?post=988"},{"taxonomy":"product_tag","embeddable":true,"href":"https:\/\/marpanel.pl\/sk\/wp-json\/wp\/v2\/product_tag?post=988"}],"curies":[{"name":"wp","href":"https:\/\/api.w.org\/{rel}","templated":true}]}}