{"id":991,"date":"2024-08-29T16:17:16","date_gmt":"2024-08-29T14:17:16","guid":{"rendered":"https:\/\/marpanel.pl\/?post_type=product&#038;p=991"},"modified":"2025-05-31T23:59:11","modified_gmt":"2025-05-31T21:59:11","slug":"plyta-warstwowa-gs-inspire-d-max","status":"publish","type":"product","link":"https:\/\/marpanel.pl\/sk\/plyta\/plyta-warstwowa-gs-inspire-d-max\/","title":{"rendered":"Sendvi\u010dov\u00fd panel GS insPIRe\u00ae D MAX"},"content":{"rendered":"<p>Sendvi\u010dov\u00e9 panely GS insPIRe\u00ae D MAX s\u00fa ur\u010den\u00e9 na stre\u0161n\u00e9 aplik\u00e1cie a pon\u00fakaj\u00fa v\u00fdnimo\u010dn\u00fa odolnos\u0165 a estetiku. Vyzna\u010duj\u00fa sa hlbok\u00fdm trap\u00e9zov\u00fdm obkladom, ktor\u00fd im umo\u017e\u0148uje pren\u00e1\u0161a\u0165 dlhodob\u00e9 prev\u00e1dzkov\u00e9 za\u0165a\u017eenie. Panely sa pripev\u0148uj\u00fa pomocou skrutiek k drevenej, oce\u013eovej alebo \u017eelezobet\u00f3novej kon\u0161trukcii, \u010d\u00edm sa zabezpe\u010duje stabilita a pevnos\u0165.<\/p>\n<p>Minim\u00e1lny sklon strechy je 3\u00b0 (5,2%) pre strechy bez stre\u0161n\u00fdch okien a 5\u00b0 (8,7%) pre stre\u0161n\u00e9 krytiny s panelmi spojen\u00fdmi po d\u013a\u017eke. Panely s\u00fa vyroben\u00e9 z obojstranne pozinkovan\u00e9ho oce\u013eov\u00e9ho plechu pod\u013ea normy EN 10346 s organickou vrstvou 25 \u03bcm. Modul\u00e1rna \u0161\u00edrka panelu je 1000 mm a \u0161tandardn\u00e9 d\u013a\u017eky s\u00fa od 2,0 m do 12,0 m s mo\u017enos\u0165ou \u0161peci\u00e1lnej dod\u00e1vky v d\u013a\u017ekach a\u017e do 16,5 m. Tesnos\u0165 spojov panelov zabezpe\u010duje polyuret\u00e1nov\u00e9 tesnenie PUS aplikovan\u00e9 vo f\u00e1ze v\u00fdroby, ktor\u00e9 zaru\u010duje vysok\u00fa kvalitu a \u017eivotnos\u0165 krytiny.<\/p>\n<p>1. profilovanie plechov\u00e9ho obkladu rob\u00ed steny estetick\u00fdmi<br \/>\nVe\u013ek\u00fd polomer obkladov\u00e9ho profilu na zabezpe\u010denie neporu\u0161enosti plechov\u00fdch n\u00e1terov<br \/>\n3. s\u00favisl\u00e9 polyuret\u00e1nov\u00e9 tesnenie aplikovan\u00e9 po\u010das v\u00fdrobn\u00e9ho procesu<br \/>\n4. Kapil\u00e1rna ochrann\u00e1 komora<br \/>\n5. jadro z tuhej PIR peny s ve\u013emi dobr\u00fdmi tepelnoizola\u010dn\u00fdmi a protipo\u017eiarnymi vlastnos\u0165ami<br \/>\nProfilovan\u00e9 hrany na jednoduch\u0161iu in\u0161tal\u00e1ciu a lep\u0161iu tepeln\u00fa izol\u00e1ciu<br \/>\n7 Priebe\u017en\u00e9 polyuret\u00e1nov\u00e9 tesnenie, ktor\u00e9 udr\u017eiava vysok\u00fa tepeln\u00fa izol\u00e1ciu. Aplikuje sa po\u010das v\u00fdrobn\u00e9ho procesu<br \/>\n8. hlin\u00edkov\u00e1 f\u00f3lia na zabr\u00e1nenie prenikaniu p\u00e1r do jadra z polyizokyanur\u00e1tovej peny<\/p>","protected":false},"excerpt":{"rendered":"<p>Stre\u0161n\u00e9 dosky GS insPIRe\u00ae D MAX s\u00fa ide\u00e1lne na stre\u0161n\u00e9 aplik\u00e1cie, vyzna\u010duj\u00fa sa hlbok\u00fdm trap\u00e9zov\u00fdm profilom. S\u00fa ur\u010den\u00e9 na dlhodob\u00e9 za\u0165a\u017eenie, upev\u0148uj\u00fa sa pomocou skrutiek na r\u00f4zne kon\u0161trukcie. Minim\u00e1lny sklon je 3\u00b0 (5,2%) bez stre\u0161n\u00fdch okien a 5\u00b0 (8,7%) pri spojen\u00ed po d\u013a\u017eke. Panely maj\u00fa pozinkovan\u00fd oce\u013eov\u00fd pl\u00e1\u0161\u0165 s organick\u00fdm polyesterov\u00fdm lakom. \u0160tandardn\u00e1 \u0161\u00edrka je 1000 mm a d\u013a\u017eky sa pohybuj\u00fa od 2,0 m do 12,0 m, s mo\u017enos\u0165ou \u0161peci\u00e1lnej dod\u00e1vky a\u017e do 16,5 m. Tesnenie zabezpe\u010duje polyuret\u00e1nov\u00e9 tesnenie PUS.<\/p>","protected":false},"featured_media":992,"comment_status":"open","ping_status":"closed","template":"","meta":{"_acf_changed":false},"product_brand":[],"product_cat":[27,33],"product_tag":[],"class_list":{"0":"post-991","1":"product","2":"type-product","3":"status-publish","4":"has-post-thumbnail","6":"product_cat-plyty-warstwowe","7":"product_cat-plyty-warstwowe-dachowe","9":"first","10":"instock","11":"shipping-taxable","12":"product-type-simple"},"acf":[],"_links":{"self":[{"href":"https:\/\/marpanel.pl\/sk\/wp-json\/wp\/v2\/product\/991","targetHints":{"allow":["GET"]}}],"collection":[{"href":"https:\/\/marpanel.pl\/sk\/wp-json\/wp\/v2\/product"}],"about":[{"href":"https:\/\/marpanel.pl\/sk\/wp-json\/wp\/v2\/types\/product"}],"replies":[{"embeddable":true,"href":"https:\/\/marpanel.pl\/sk\/wp-json\/wp\/v2\/comments?post=991"}],"wp:featuredmedia":[{"embeddable":true,"href":"https:\/\/marpanel.pl\/sk\/wp-json\/wp\/v2\/media\/992"}],"wp:attachment":[{"href":"https:\/\/marpanel.pl\/sk\/wp-json\/wp\/v2\/media?parent=991"}],"wp:term":[{"taxonomy":"product_brand","embeddable":true,"href":"https:\/\/marpanel.pl\/sk\/wp-json\/wp\/v2\/product_brand?post=991"},{"taxonomy":"product_cat","embeddable":true,"href":"https:\/\/marpanel.pl\/sk\/wp-json\/wp\/v2\/product_cat?post=991"},{"taxonomy":"product_tag","embeddable":true,"href":"https:\/\/marpanel.pl\/sk\/wp-json\/wp\/v2\/product_tag?post=991"}],"curies":[{"name":"wp","href":"https:\/\/api.w.org\/{rel}","templated":true}]}}